{"id":176147,"date":"2024-10-30T18:04:08","date_gmt":"2024-10-30T18:04:08","guid":{"rendered":"https:\/\/clarkson-osborn.com\/?post_type=product&#038;p=176147"},"modified":"2024-10-30T18:04:08","modified_gmt":"2024-10-30T18:04:08","slug":"5-pc-shipyard-cut-carbide-bur-set","status":"publish","type":"product","link":"https:\/\/clarkson-osborn.com\/fr\/product\/5-pc-shipyard-cut-carbide-bur-set\/","title":{"rendered":"5 PC Shipyard Cut Carbide Bur Set"},"content":{"rendered":"<p>\u2022 G\u00e9om\u00e9trie de cannelure sup\u00e9rieure avec un motif de dents agressif et profond, permettant un meilleur contr\u00f4le des copeaux et un enl\u00e8vement rapide des mati\u00e8res avec un minimum de bavardage<br \/>\n\u2022 Dur\u00e9e de vie de l&#039;outil plus longue et productivit\u00e9 am\u00e9lior\u00e9e<br \/>\n\u2022 Id\u00e9al pour les applications lourdes o\u00f9 un enl\u00e8vement de mati\u00e8re rapide est souhait\u00e9<br \/>\n\u2022 Excellent choix pour l&#039;acier doux, l&#039;acier inoxydable, les alliages m\u00e9talliques et la fonte<\/p>","protected":false},"excerpt":{"rendered":"<p>\u2022 Superior flute geometry with a deep aggressive tooth pattern, allows for improved chip control and rapid stock removal with &hellip; <\/p>","protected":false},"featured_media":0,"comment_status":"closed","ping_status":"open","template":"","meta":{"_acf_changed":false},"product_brand":[],"product_cat":[7603],"product_tag":[],"class_list":{"0":"post-176147","1":"product","2":"type-product","3":"status-publish","5":"product_cat-sets-1","6":"pa_case-type-plastic","7":"pa_cut-style-shipyard","8":"pa_includes-sa-5-sc-5-se-5-sf-3-sl-4","9":"pa_list-number-sc93805sy","10":"pa_package-quantity-2141","11":"pa_shank-diameter-1-4","12":"pa_substrate-carbide-fr-2","13":"pa_surface-treatment-bright","15":"first","16":"instock","17":"product-type-simple"},"acf":[],"_links":{"self":[{"href":"https:\/\/clarkson-osborn.com\/fr\/wp-json\/wp\/v2\/product\/176147","targetHints":{"allow":["GET"]}}],"collection":[{"href":"https:\/\/clarkson-osborn.com\/fr\/wp-json\/wp\/v2\/product"}],"about":[{"href":"https:\/\/clarkson-osborn.com\/fr\/wp-json\/wp\/v2\/types\/product"}],"replies":[{"embeddable":true,"href":"https:\/\/clarkson-osborn.com\/fr\/wp-json\/wp\/v2\/comments?post=176147"}],"wp:attachment":[{"href":"https:\/\/clarkson-osborn.com\/fr\/wp-json\/wp\/v2\/media?parent=176147"}],"wp:term":[{"taxonomy":"product_brand","embeddable":true,"href":"https:\/\/clarkson-osborn.com\/fr\/wp-json\/wp\/v2\/product_brand?post=176147"},{"taxonomy":"product_cat","embeddable":true,"href":"https:\/\/clarkson-osborn.com\/fr\/wp-json\/wp\/v2\/product_cat?post=176147"},{"taxonomy":"product_tag","embeddable":true,"href":"https:\/\/clarkson-osborn.com\/fr\/wp-json\/wp\/v2\/product_tag?post=176147"}],"curies":[{"name":"wp","href":"https:\/\/api.w.org\/{rel}","templated":true}]}}