{"id":176138,"date":"2024-10-30T18:04:11","date_gmt":"2024-10-30T18:04:11","guid":{"rendered":"https:\/\/clarkson-osborn.com\/?post_type=product&#038;p=176138"},"modified":"2025-03-07T20:34:19","modified_gmt":"2025-03-07T20:34:19","slug":"se-5-1-2-oval-shape-carbide-shipyard-bur","status":"publish","type":"product","link":"https:\/\/clarkson-osborn.com\/fr\/product\/se-5-1-2-oval-shape-carbide-shipyard-bur\/","title":{"rendered":"SE-5  (1\/2) &#8211; Oval Shape Carbide Shipyard Bur"},"content":{"rendered":"<p>\u2022 G\u00e9om\u00e9trie de cannelure sup\u00e9rieure avec un motif de dents agressif et profond, permettant un meilleur contr\u00f4le des copeaux et un enl\u00e8vement rapide des mati\u00e8res avec un minimum de bavardage<br \/>\n\u2022 Dur\u00e9e de vie de l&#039;outil plus longue et productivit\u00e9 am\u00e9lior\u00e9e<br \/>\n\u2022 Id\u00e9al pour les applications lourdes o\u00f9 un enl\u00e8vement de mati\u00e8re rapide est souhait\u00e9<br \/>\n\u2022 Great choice for mild steel, stainless steel, metal alloys &amp; cast iron<\/p>","protected":false},"excerpt":{"rendered":"<p>\u2022 Superior flute geometry with a deep aggressive tooth pattern, allows for improved chip control and rapid stock removal with &hellip; <\/p>","protected":false},"featured_media":176268,"comment_status":"closed","ping_status":"closed","template":"","meta":{"_acf_changed":false},"product_brand":[],"product_cat":[7594],"product_tag":[],"class_list":{"0":"post-176138","1":"product","2":"type-product","3":"status-publish","4":"has-post-thumbnail","6":"product_cat-se-series-oval","7":"pa_cut-style-shipyard","8":"pa_diameter-1-2","9":"pa_length-of-cut-7-8","10":"pa_list-number-sc93067sy","11":"pa_package-quantity-2141","12":"pa_shank-diameter-1-4","13":"pa_style-se-5","14":"pa_substrate-carbide-fr-2","15":"pa_surface-treatment-bright","17":"first","18":"instock","19":"product-type-simple"},"acf":[],"_links":{"self":[{"href":"https:\/\/clarkson-osborn.com\/fr\/wp-json\/wp\/v2\/product\/176138","targetHints":{"allow":["GET"]}}],"collection":[{"href":"https:\/\/clarkson-osborn.com\/fr\/wp-json\/wp\/v2\/product"}],"about":[{"href":"https:\/\/clarkson-osborn.com\/fr\/wp-json\/wp\/v2\/types\/product"}],"replies":[{"embeddable":true,"href":"https:\/\/clarkson-osborn.com\/fr\/wp-json\/wp\/v2\/comments?post=176138"}],"wp:featuredmedia":[{"embeddable":true,"href":"https:\/\/clarkson-osborn.com\/fr\/wp-json\/wp\/v2\/media\/176268"}],"wp:attachment":[{"href":"https:\/\/clarkson-osborn.com\/fr\/wp-json\/wp\/v2\/media?parent=176138"}],"wp:term":[{"taxonomy":"product_brand","embeddable":true,"href":"https:\/\/clarkson-osborn.com\/fr\/wp-json\/wp\/v2\/product_brand?post=176138"},{"taxonomy":"product_cat","embeddable":true,"href":"https:\/\/clarkson-osborn.com\/fr\/wp-json\/wp\/v2\/product_cat?post=176138"},{"taxonomy":"product_tag","embeddable":true,"href":"https:\/\/clarkson-osborn.com\/fr\/wp-json\/wp\/v2\/product_tag?post=176138"}],"curies":[{"name":"wp","href":"https:\/\/api.w.org\/{rel}","templated":true}]}}