{"id":175326,"date":"2024-10-03T20:09:27","date_gmt":"2024-10-03T20:09:27","guid":{"rendered":"https:\/\/clarkson-osborn.com\/product\/5-32-w1-drill-rod-36-oa\/"},"modified":"2024-11-14T05:00:48","modified_gmt":"2024-11-14T05:00:48","slug":"5-32-w1-drill-rod-36-oa","status":"publish","type":"product","link":"https:\/\/clarkson-osborn.com\/fr\/product\/5-32-w1-drill-rod-36-oa\/","title":{"rendered":"5\/32 (W1) Acier A Foret De Precision Longeur 36\""},"content":{"rendered":"<p>\u2022 Meul\u00e9, poli<br \/>\n\u2022 36 po de longueur<br \/>\n\u2022 Une tige de forage durcissable \u00e0 l&#039;eau et \u00e9tir\u00e9e \u00e0 froid avec des qualit\u00e9s de durcissement complet qui lui conf\u00e8rent une r\u00e9ponse optimale au traitement thermique et offrent une t\u00e9nacit\u00e9 et une r\u00e9sistance maximale \u00e0 l&#039;usure dans de nombreuses applications de maintenance<\/p>","protected":false},"excerpt":{"rendered":"<p>\u2022 Ground, polished \u2022 36\u201d Long \u2022 A water-hardening and cold-drawn drill rod with through-hardening qualities that affords it optimum &hellip; <\/p>","protected":false},"featured_media":147297,"comment_status":"closed","ping_status":"open","template":"","meta":{"_acf_changed":false},"product_brand":[],"product_cat":[7628],"product_tag":[],"class_list":{"0":"post-175326","1":"product","2":"type-product","3":"status-publish","4":"has-post-thumbnail","6":"product_cat-drill-rod","7":"pa_fractional-5-32","8":"pa_list-number-ss21010","9":"pa_overall-length-4019","10":"pa_package-quantity-2141","11":"pa_style-w1","13":"first","14":"instock","15":"product-type-simple"},"acf":[],"_links":{"self":[{"href":"https:\/\/clarkson-osborn.com\/fr\/wp-json\/wp\/v2\/product\/175326","targetHints":{"allow":["GET"]}}],"collection":[{"href":"https:\/\/clarkson-osborn.com\/fr\/wp-json\/wp\/v2\/product"}],"about":[{"href":"https:\/\/clarkson-osborn.com\/fr\/wp-json\/wp\/v2\/types\/product"}],"replies":[{"embeddable":true,"href":"https:\/\/clarkson-osborn.com\/fr\/wp-json\/wp\/v2\/comments?post=175326"}],"wp:featuredmedia":[{"embeddable":true,"href":"https:\/\/clarkson-osborn.com\/fr\/wp-json\/wp\/v2\/media\/147297"}],"wp:attachment":[{"href":"https:\/\/clarkson-osborn.com\/fr\/wp-json\/wp\/v2\/media?parent=175326"}],"wp:term":[{"taxonomy":"product_brand","embeddable":true,"href":"https:\/\/clarkson-osborn.com\/fr\/wp-json\/wp\/v2\/product_brand?post=175326"},{"taxonomy":"product_cat","embeddable":true,"href":"https:\/\/clarkson-osborn.com\/fr\/wp-json\/wp\/v2\/product_cat?post=175326"},{"taxonomy":"product_tag","embeddable":true,"href":"https:\/\/clarkson-osborn.com\/fr\/wp-json\/wp\/v2\/product_tag?post=175326"}],"curies":[{"name":"wp","href":"https:\/\/api.w.org\/{rel}","templated":true}]}}