{"id":173545,"date":"2024-10-03T19:35:36","date_gmt":"2024-10-03T19:35:36","guid":{"rendered":"https:\/\/clarkson-osborn.com\/product\/5-8-82-6-flute-solid-carbide-countersink\/"},"modified":"2024-11-14T04:44:30","modified_gmt":"2024-11-14T04:44:30","slug":"5-8-82-6-flute-solid-carbide-countersink","status":"publish","type":"product","link":"https:\/\/clarkson-osborn.com\/fr\/product\/5-8-82-6-flute-solid-carbide-countersink\/","title":{"rendered":"5\/8  82\u00b0 - 6 Cannelures Fraises Coniques En Carbure"},"content":{"rendered":"<p>\u2022 Carbure \u00e0 grains submicroniques de premi\u00e8re qualit\u00e9<br \/>\n\u2022 Bright Finish<br \/>\n\u2022 Available in 1, 3 &#038; 6 Flute Styles<br \/>\n\u2022 Available in 60\u00b0, 82\u00b0 &#038; 90\u00b0 Angles<br \/>\n\u2022 For countersinking, chamfering, and deburring holes<\/p>","protected":false},"excerpt":{"rendered":"<p>\u2022 Premium Submicron Grain Carbide \u2022 Bright Finish \u2022 Available in 1, 3 &#038; 6 Flute Styles \u2022 Available in &hellip; <\/p>","protected":false},"featured_media":145387,"comment_status":"closed","ping_status":"open","template":"","meta":[],"product_cat":[7583],"product_tag":[],"class_list":{"0":"post-173545","1":"product","2":"type-product","3":"status-publish","4":"has-post-thumbnail","6":"product_cat-countersinks","7":"pa_angle-5470","8":"pa_flute-count-14434","9":"pa_fractional-5-8","10":"pa_length-5214","11":"pa_list-number-sc10626","12":"pa_package-quantity-2141","13":"pa_shank-3-8","14":"pa_substrate-carbide-fr-2","15":"pa_surface-treatment-bright","17":"first","18":"instock","19":"product-type-simple"},"acf":[],"_links":{"self":[{"href":"https:\/\/clarkson-osborn.com\/fr\/wp-json\/wp\/v2\/product\/173545","targetHints":{"allow":["GET"]}}],"collection":[{"href":"https:\/\/clarkson-osborn.com\/fr\/wp-json\/wp\/v2\/product"}],"about":[{"href":"https:\/\/clarkson-osborn.com\/fr\/wp-json\/wp\/v2\/types\/product"}],"replies":[{"embeddable":true,"href":"https:\/\/clarkson-osborn.com\/fr\/wp-json\/wp\/v2\/comments?post=173545"}],"wp:featuredmedia":[{"embeddable":true,"href":"https:\/\/clarkson-osborn.com\/fr\/wp-json\/wp\/v2\/media\/145387"}],"wp:attachment":[{"href":"https:\/\/clarkson-osborn.com\/fr\/wp-json\/wp\/v2\/media?parent=173545"}],"wp:term":[{"taxonomy":"product_cat","embeddable":true,"href":"https:\/\/clarkson-osborn.com\/fr\/wp-json\/wp\/v2\/product_cat?post=173545"},{"taxonomy":"product_tag","embeddable":true,"href":"https:\/\/clarkson-osborn.com\/fr\/wp-json\/wp\/v2\/product_tag?post=173545"}],"curies":[{"name":"wp","href":"https:\/\/api.w.org\/{rel}","templated":true}]}}