{"id":173523,"date":"2024-10-03T19:35:20","date_gmt":"2024-10-03T19:35:20","guid":{"rendered":"https:\/\/clarkson-osborn.com\/product\/3-4-90-3-flute-solid-carbide-countersink\/"},"modified":"2024-11-14T04:44:18","modified_gmt":"2024-11-14T04:44:18","slug":"3-4-90-3-flute-solid-carbide-countersink","status":"publish","type":"product","link":"https:\/\/clarkson-osborn.com\/fr\/product\/3-4-90-3-flute-solid-carbide-countersink\/","title":{"rendered":"3\/4  90\u00b0 - 3 Cannelures Fraises Coniques En Carbure"},"content":{"rendered":"<p>\u2022 Carbure \u00e0 grains submicroniques de premi\u00e8re qualit\u00e9<br \/>\n\u2022 Bright Finish<br \/>\n\u2022 Available in 1, 3 &#038; 6 Flute Styles<br \/>\n\u2022 Available in 60\u00b0, 82\u00b0 &#038; 90\u00b0 Angles<br \/>\n\u2022 For countersinking, chamfering, and deburring holes<\/p>","protected":false},"excerpt":{"rendered":"<p>\u2022 Premium Submicron Grain Carbide \u2022 Bright Finish \u2022 Available in 1, 3 &#038; 6 Flute Styles \u2022 Available in &hellip; <\/p>","protected":false},"featured_media":145387,"comment_status":"closed","ping_status":"open","template":"","meta":{"_acf_changed":false},"product_brand":[],"product_cat":[7583],"product_tag":[],"class_list":{"0":"post-173523","1":"product","2":"type-product","3":"status-publish","4":"has-post-thumbnail","6":"product_cat-countersinks","7":"pa_angle-3238","8":"pa_flute-count-14330","9":"pa_fractional-3-4","10":"pa_length-5214","11":"pa_list-number-sc09750","12":"pa_package-quantity-2141","13":"pa_shank-1-2","14":"pa_substrate-carbide-fr-2","15":"pa_surface-treatment-bright","17":"first","18":"instock","19":"product-type-simple"},"acf":[],"_links":{"self":[{"href":"https:\/\/clarkson-osborn.com\/fr\/wp-json\/wp\/v2\/product\/173523","targetHints":{"allow":["GET"]}}],"collection":[{"href":"https:\/\/clarkson-osborn.com\/fr\/wp-json\/wp\/v2\/product"}],"about":[{"href":"https:\/\/clarkson-osborn.com\/fr\/wp-json\/wp\/v2\/types\/product"}],"replies":[{"embeddable":true,"href":"https:\/\/clarkson-osborn.com\/fr\/wp-json\/wp\/v2\/comments?post=173523"}],"wp:featuredmedia":[{"embeddable":true,"href":"https:\/\/clarkson-osborn.com\/fr\/wp-json\/wp\/v2\/media\/145387"}],"wp:attachment":[{"href":"https:\/\/clarkson-osborn.com\/fr\/wp-json\/wp\/v2\/media?parent=173523"}],"wp:term":[{"taxonomy":"product_brand","embeddable":true,"href":"https:\/\/clarkson-osborn.com\/fr\/wp-json\/wp\/v2\/product_brand?post=173523"},{"taxonomy":"product_cat","embeddable":true,"href":"https:\/\/clarkson-osborn.com\/fr\/wp-json\/wp\/v2\/product_cat?post=173523"},{"taxonomy":"product_tag","embeddable":true,"href":"https:\/\/clarkson-osborn.com\/fr\/wp-json\/wp\/v2\/product_tag?post=173523"}],"curies":[{"name":"wp","href":"https:\/\/api.w.org\/{rel}","templated":true}]}}