{"id":172207,"date":"2024-10-03T19:27:35","date_gmt":"2024-10-03T19:27:35","guid":{"rendered":"https:\/\/clarkson-osborn.com\/product\/1-weldon-shank-extra-long-ball-nose-end-mill-high-helix-2-flute\/"},"modified":"2025-01-02T20:48:24","modified_gmt":"2025-01-02T20:48:24","slug":"1-weldon-shank-extra-long-ball-nose-end-mill-high-helix-2-flute","status":"publish","type":"product","link":"https:\/\/clarkson-osborn.com\/fr\/product\/1-weldon-shank-extra-long-ball-nose-end-mill-high-helix-2-flute\/","title":{"rendered":"1&quot; - Fraises A Bout Sph\u00e9rique Queue Weldon S\u00e9rie Extra Longue Haute H\u00e9lice 2 Cannelures"},"content":{"rendered":"<p>\u2022 HSS<br \/>\n\u2022 Center Cutting<br \/>\n\u2022 Longest Overall Length \/ Length of Cut<br \/>\n\u2022 Bright Finish<br \/>\n\u2022 For TiALN coated add &#8220;A&#8221; to end of the part number<br \/>\n\u2022 For TiCN Coated add &#8220;C&#8221; to end of the part number<br \/>\n\u2022 For TiN Coated add &#8220;T&#8221; to end of the part number<br \/>\n\u2022 High Helix geometry is ideally suited for softer non-ferrous materials such as Aluminum, Zinc, Magnesium<br \/>\n\u2022 Helix angle results in better chip evacuation and smoother cutting action<br \/>\n\u2022 Used for milling contours, radius bottom slots and die cavities<\/p>","protected":false},"excerpt":{"rendered":"<p>\u2022 HSS \u2022 Center Cutting \u2022 Longest Overall Length \/ Length of Cut \u2022 Bright Finish \u2022 For TiALN coated &hellip; <\/p>","protected":false},"featured_media":176196,"comment_status":"closed","ping_status":"closed","template":"","meta":{"_acf_changed":false},"product_brand":[],"product_cat":[7579],"product_tag":[],"class_list":{"0":"post-172207","1":"product","2":"type-product","3":"status-publish","4":"has-post-thumbnail","6":"product_cat-hss-13","7":"pa_center-cutting-yes","8":"pa_flute-count-14326","9":"pa_flute-type-high-helix","10":"pa_fractional-6258","11":"pa_length-8-1-2","12":"pa_length-2-extra-long","13":"pa_length-of-cut-6668","14":"pa_list-number-em20100","15":"pa_package-quantity-2141","16":"pa_shank-5220","17":"pa_shank-style-weldon-flat","18":"pa_substrate-hss-fr-2","19":"pa_surface-treatment-bright","21":"first","22":"instock","23":"product-type-simple"},"acf":[],"_links":{"self":[{"href":"https:\/\/clarkson-osborn.com\/fr\/wp-json\/wp\/v2\/product\/172207","targetHints":{"allow":["GET"]}}],"collection":[{"href":"https:\/\/clarkson-osborn.com\/fr\/wp-json\/wp\/v2\/product"}],"about":[{"href":"https:\/\/clarkson-osborn.com\/fr\/wp-json\/wp\/v2\/types\/product"}],"replies":[{"embeddable":true,"href":"https:\/\/clarkson-osborn.com\/fr\/wp-json\/wp\/v2\/comments?post=172207"}],"wp:featuredmedia":[{"embeddable":true,"href":"https:\/\/clarkson-osborn.com\/fr\/wp-json\/wp\/v2\/media\/176196"}],"wp:attachment":[{"href":"https:\/\/clarkson-osborn.com\/fr\/wp-json\/wp\/v2\/media?parent=172207"}],"wp:term":[{"taxonomy":"product_brand","embeddable":true,"href":"https:\/\/clarkson-osborn.com\/fr\/wp-json\/wp\/v2\/product_brand?post=172207"},{"taxonomy":"product_cat","embeddable":true,"href":"https:\/\/clarkson-osborn.com\/fr\/wp-json\/wp\/v2\/product_cat?post=172207"},{"taxonomy":"product_tag","embeddable":true,"href":"https:\/\/clarkson-osborn.com\/fr\/wp-json\/wp\/v2\/product_tag?post=172207"}],"curies":[{"name":"wp","href":"https:\/\/api.w.org\/{rel}","templated":true}]}}