{"id":170989,"date":"2024-10-03T19:20:49","date_gmt":"2024-10-03T19:20:49","guid":{"rendered":"https:\/\/clarkson-osborn.com\/product\/11-taper-pin-reamer-spiral-flute-straight-shank\/"},"modified":"2024-11-14T04:15:04","modified_gmt":"2024-11-14T04:15:04","slug":"11-taper-pin-reamer-spiral-flute-straight-shank","status":"publish","type":"product","link":"https:\/\/clarkson-osborn.com\/fr\/product\/11-taper-pin-reamer-spiral-flute-straight-shank\/","title":{"rendered":"#11 - Alesoirs Conique Pour Trous De Goupilles"},"content":{"rendered":"<p>\u2022 HSS<br \/>\n\u2022 \u00bc\u201d Taper Per Foot<br \/>\n\u2022 H\u00e9lice \u00e0 gauche, coupe \u00e0 droite<br \/>\n\u2022 Embout carr\u00e9 pour cl\u00e9 \u00e0 tarauder<br \/>\n\u2022 Taper Pin Reamers are used to ream holes into which standard taper pins will fit<br \/>\n\u2022 Left Hand spiral flute is for hand reaming in difficult materials<\/p>","protected":false},"excerpt":{"rendered":"<p>\u2022 HSS \u2022 \u00bc\u201d Taper Per Foot \u2022 Left Hand Helix, Right Hand Cut \u2022 Square end for tap wrench &hellip; <\/p>","protected":false},"featured_media":209,"comment_status":"closed","ping_status":"open","template":"","meta":{"_acf_changed":false},"product_brand":[],"product_cat":[7564],"product_tag":[],"class_list":{"0":"post-170989","1":"product","2":"type-product","3":"status-publish","4":"has-post-thumbnail","6":"product_cat-taper-pin-reamer","7":"pa_dec-1-0-7060","8":"pa_dec-2-0-8780","9":"pa_flute-length-8-1-4","10":"pa_flute-type-spiral","11":"pa_letter-wire-gauge-2320","12":"pa_list-number-re31211","13":"pa_overall-length-11-1-4","14":"pa_package-quantity-2141","15":"pa_shank-type-straight","16":"pa_substrate-hss-fr-2","17":"pa_surface-treatment-bright-black","19":"first","20":"instock","21":"product-type-simple"},"acf":[],"_links":{"self":[{"href":"https:\/\/clarkson-osborn.com\/fr\/wp-json\/wp\/v2\/product\/170989","targetHints":{"allow":["GET"]}}],"collection":[{"href":"https:\/\/clarkson-osborn.com\/fr\/wp-json\/wp\/v2\/product"}],"about":[{"href":"https:\/\/clarkson-osborn.com\/fr\/wp-json\/wp\/v2\/types\/product"}],"replies":[{"embeddable":true,"href":"https:\/\/clarkson-osborn.com\/fr\/wp-json\/wp\/v2\/comments?post=170989"}],"wp:featuredmedia":[{"embeddable":true,"href":"https:\/\/clarkson-osborn.com\/fr\/wp-json\/wp\/v2\/media\/209"}],"wp:attachment":[{"href":"https:\/\/clarkson-osborn.com\/fr\/wp-json\/wp\/v2\/media?parent=170989"}],"wp:term":[{"taxonomy":"product_brand","embeddable":true,"href":"https:\/\/clarkson-osborn.com\/fr\/wp-json\/wp\/v2\/product_brand?post=170989"},{"taxonomy":"product_cat","embeddable":true,"href":"https:\/\/clarkson-osborn.com\/fr\/wp-json\/wp\/v2\/product_cat?post=170989"},{"taxonomy":"product_tag","embeddable":true,"href":"https:\/\/clarkson-osborn.com\/fr\/wp-json\/wp\/v2\/product_tag?post=170989"}],"curies":[{"name":"wp","href":"https:\/\/api.w.org\/{rel}","templated":true}]}}