{"id":170967,"date":"2024-10-03T19:20:33","date_gmt":"2024-10-03T19:20:33","guid":{"rendered":"https:\/\/clarkson-osborn.com\/product\/12-00-taper-pin-reamer-straight-flute-straight-shank\/"},"modified":"2024-11-14T04:14:50","modified_gmt":"2024-11-14T04:14:50","slug":"12-00-taper-pin-reamer-straight-flute-straight-shank","status":"publish","type":"product","link":"https:\/\/clarkson-osborn.com\/fr\/product\/12-00-taper-pin-reamer-straight-flute-straight-shank\/","title":{"rendered":"12.00 - Alesoirs Conique Pour Trous De Groupilles"},"content":{"rendered":"<p>\u2022 HSS<br \/>\n\u2022 \u00bc\u201d Taper Per Foot<br \/>\n\u2022 Embout carr\u00e9 pour cl\u00e9 \u00e0 tarauder<br \/>\n\u2022 Taper Pin Reamers are used to ream holes into which standard taper pins will fit<br \/>\n\u2022 Straight flute for hand reaming of most materials<\/p>","protected":false},"excerpt":{"rendered":"<p>\u2022 HSS \u2022 \u00bc\u201d Taper Per Foot \u2022 Square end for tap wrench \u2022 Taper Pin Reamers are used to &hellip; <\/p>","protected":false},"featured_media":564,"comment_status":"closed","ping_status":"open","template":"","meta":[],"product_cat":[7564],"product_tag":[],"class_list":{"0":"post-170967","1":"product","2":"type-product","3":"status-publish","4":"has-post-thumbnail","6":"product_cat-taper-pin-reamer","7":"pa_dec-1-11-80","8":"pa_dec-2-16-00","9":"pa_flute-length-194-0","10":"pa_flute-type-straight","11":"pa_list-number-re30620","12":"pa_metric-12-00","13":"pa_overall-length-240-0","14":"pa_package-quantity-2141","15":"pa_shank-type-straight","16":"pa_substrate-hss-fr-2","17":"pa_surface-treatment-bright-black","19":"first","20":"instock","21":"product-type-simple"},"acf":[],"_links":{"self":[{"href":"https:\/\/clarkson-osborn.com\/fr\/wp-json\/wp\/v2\/product\/170967","targetHints":{"allow":["GET"]}}],"collection":[{"href":"https:\/\/clarkson-osborn.com\/fr\/wp-json\/wp\/v2\/product"}],"about":[{"href":"https:\/\/clarkson-osborn.com\/fr\/wp-json\/wp\/v2\/types\/product"}],"replies":[{"embeddable":true,"href":"https:\/\/clarkson-osborn.com\/fr\/wp-json\/wp\/v2\/comments?post=170967"}],"wp:featuredmedia":[{"embeddable":true,"href":"https:\/\/clarkson-osborn.com\/fr\/wp-json\/wp\/v2\/media\/564"}],"wp:attachment":[{"href":"https:\/\/clarkson-osborn.com\/fr\/wp-json\/wp\/v2\/media?parent=170967"}],"wp:term":[{"taxonomy":"product_cat","embeddable":true,"href":"https:\/\/clarkson-osborn.com\/fr\/wp-json\/wp\/v2\/product_cat?post=170967"},{"taxonomy":"product_tag","embeddable":true,"href":"https:\/\/clarkson-osborn.com\/fr\/wp-json\/wp\/v2\/product_tag?post=170967"}],"curies":[{"name":"wp","href":"https:\/\/api.w.org\/{rel}","templated":true}]}}