{"id":170966,"date":"2024-10-03T19:20:33","date_gmt":"2024-10-03T19:20:33","guid":{"rendered":"https:\/\/clarkson-osborn.com\/product\/10-00-taper-pin-reamer-straight-flute-straight-shank\/"},"modified":"2024-11-14T04:14:49","modified_gmt":"2024-11-14T04:14:49","slug":"10-00-taper-pin-reamer-straight-flute-straight-shank","status":"publish","type":"product","link":"https:\/\/clarkson-osborn.com\/fr\/product\/10-00-taper-pin-reamer-straight-flute-straight-shank\/","title":{"rendered":"10.00 - Alesoirs Conique Pour Trous De Groupilles"},"content":{"rendered":"<p>\u2022 HSS<br \/>\n\u2022 \u00bc\u201d Taper Per Foot<br \/>\n\u2022 Embout carr\u00e9 pour cl\u00e9 \u00e0 tarauder<br \/>\n\u2022 Taper Pin Reamers are used to ream holes into which standard taper pins will fit<br \/>\n\u2022 Straight flute for hand reaming of most materials<\/p>","protected":false},"excerpt":{"rendered":"<p>\u2022 HSS \u2022 \u00bc\u201d Taper Per Foot \u2022 Square end for tap wrench \u2022 Taper Pin Reamers are used to &hellip; <\/p>","protected":false},"featured_media":564,"comment_status":"closed","ping_status":"open","template":"","meta":[],"product_cat":[7564],"product_tag":[],"class_list":{"0":"post-170966","1":"product","2":"type-product","3":"status-publish","4":"has-post-thumbnail","6":"product_cat-taper-pin-reamer","7":"pa_dec-1-9-90","8":"pa_dec-2-13-40","9":"pa_flute-length-175-0","10":"pa_flute-type-straight","11":"pa_list-number-re30600","12":"pa_metric-10-00","13":"pa_overall-length-215-0","14":"pa_package-quantity-2141","15":"pa_shank-type-straight","16":"pa_substrate-hss-fr-2","17":"pa_surface-treatment-bright-black","19":"first","20":"instock","21":"product-type-simple"},"acf":[],"_links":{"self":[{"href":"https:\/\/clarkson-osborn.com\/fr\/wp-json\/wp\/v2\/product\/170966","targetHints":{"allow":["GET"]}}],"collection":[{"href":"https:\/\/clarkson-osborn.com\/fr\/wp-json\/wp\/v2\/product"}],"about":[{"href":"https:\/\/clarkson-osborn.com\/fr\/wp-json\/wp\/v2\/types\/product"}],"replies":[{"embeddable":true,"href":"https:\/\/clarkson-osborn.com\/fr\/wp-json\/wp\/v2\/comments?post=170966"}],"wp:featuredmedia":[{"embeddable":true,"href":"https:\/\/clarkson-osborn.com\/fr\/wp-json\/wp\/v2\/media\/564"}],"wp:attachment":[{"href":"https:\/\/clarkson-osborn.com\/fr\/wp-json\/wp\/v2\/media?parent=170966"}],"wp:term":[{"taxonomy":"product_cat","embeddable":true,"href":"https:\/\/clarkson-osborn.com\/fr\/wp-json\/wp\/v2\/product_cat?post=170966"},{"taxonomy":"product_tag","embeddable":true,"href":"https:\/\/clarkson-osborn.com\/fr\/wp-json\/wp\/v2\/product_tag?post=170966"}],"curies":[{"name":"wp","href":"https:\/\/api.w.org\/{rel}","templated":true}]}}