{"id":170823,"date":"2024-10-03T19:19:47","date_gmt":"2024-10-03T19:19:47","guid":{"rendered":"https:\/\/clarkson-osborn.com\/product\/3-00-hand-reamer-spiral-flute-straight-shank\/"},"modified":"2024-11-14T04:13:18","modified_gmt":"2024-11-14T04:13:18","slug":"3-00-hand-reamer-spiral-flute-straight-shank","status":"publish","type":"product","link":"https:\/\/clarkson-osborn.com\/fr\/product\/3-00-hand-reamer-spiral-flute-straight-shank\/","title":{"rendered":"3h00 - Alesoirs A Main Cannelures Helicoidales Queue Cylindrique Alesoirs"},"content":{"rendered":"<p>\u2022 HSS<br \/>\n\u2022 H\u00e9lice \u00e0 gauche, coupe \u00e0 droite<br \/>\n\u2022 Finition brillante et noire<br \/>\n\u2022 Embout carr\u00e9 pour cl\u00e9 \u00e0 tarauder<br \/>\n\u2022 Les al\u00e9soirs manuels sont utilis\u00e9s pour le dimensionnement final des trous<br \/>\n\u2022 La conception de la goujure en spirale \u00e0 gauche pousse les copeaux vers l&#039;avant hors du trou et permet \u00e0 l&#039;al\u00e9soir d&#039;\u00eatre utilis\u00e9 dans des trous qui ont une interruption<\/p>","protected":false},"excerpt":{"rendered":"<p>\u2022 HSS \u2022 Left Hand Helix, Right Hand Cut \u2022 Bright and Black Finish \u2022 Square end for tap wrench &hellip; <\/p>","protected":false},"featured_media":569,"comment_status":"closed","ping_status":"open","template":"","meta":[],"product_cat":[7563],"product_tag":[],"class_list":{"0":"post-170823","1":"product","2":"type-product","3":"status-publish","4":"has-post-thumbnail","6":"product_cat-hand-reamer","7":"pa_decimal-equivalent-0-1181","8":"pa_flute-length-31-0","9":"pa_flute-type-spiral","10":"pa_list-number-re41530","11":"pa_metric-3-00","12":"pa_overall-length-62-0","13":"pa_package-quantity-2141","14":"pa_shank-type-straight","15":"pa_substrate-hss-fr-2","16":"pa_surface-treatment-bright-black","18":"first","19":"instock","20":"product-type-simple"},"acf":[],"_links":{"self":[{"href":"https:\/\/clarkson-osborn.com\/fr\/wp-json\/wp\/v2\/product\/170823","targetHints":{"allow":["GET"]}}],"collection":[{"href":"https:\/\/clarkson-osborn.com\/fr\/wp-json\/wp\/v2\/product"}],"about":[{"href":"https:\/\/clarkson-osborn.com\/fr\/wp-json\/wp\/v2\/types\/product"}],"replies":[{"embeddable":true,"href":"https:\/\/clarkson-osborn.com\/fr\/wp-json\/wp\/v2\/comments?post=170823"}],"wp:featuredmedia":[{"embeddable":true,"href":"https:\/\/clarkson-osborn.com\/fr\/wp-json\/wp\/v2\/media\/569"}],"wp:attachment":[{"href":"https:\/\/clarkson-osborn.com\/fr\/wp-json\/wp\/v2\/media?parent=170823"}],"wp:term":[{"taxonomy":"product_cat","embeddable":true,"href":"https:\/\/clarkson-osborn.com\/fr\/wp-json\/wp\/v2\/product_cat?post=170823"},{"taxonomy":"product_tag","embeddable":true,"href":"https:\/\/clarkson-osborn.com\/fr\/wp-json\/wp\/v2\/product_tag?post=170823"}],"curies":[{"name":"wp","href":"https:\/\/api.w.org\/{rel}","templated":true}]}}