{"id":170789,"date":"2024-10-03T19:19:47","date_gmt":"2024-10-03T19:19:47","guid":{"rendered":"https:\/\/clarkson-osborn.com\/product\/3-50-chucking-reamer-spiral-flute-straight-shank\/"},"modified":"2024-11-14T04:12:57","modified_gmt":"2024-11-14T04:12:57","slug":"3-50-chucking-reamer-spiral-flute-straight-shank","status":"publish","type":"product","link":"https:\/\/clarkson-osborn.com\/fr\/product\/3-50-chucking-reamer-spiral-flute-straight-shank\/","title":{"rendered":"3.50 - Alesoirs En Bout Cannelures Helicoidales Queue Cylindrique"},"content":{"rendered":"<p>\u2022 Cobalt<br \/>\n\u2022 Bright &#038; Black Finish<br \/>\n\u2022 Straight Shank<br \/>\n\u2022 Right Hand Cut, Left Hand Helix<br \/>\n\u2022 La conception de la goujure en spirale \u00e0 gauche pousse les copeaux vers l&#039;avant hors du trou et permet \u00e0 l&#039;al\u00e9soir d&#039;\u00eatre utilis\u00e9 dans des trous qui ont une interruption<br \/>\n\u2022 These reamers can be run approximately 25% faster than regular HSS reamers with increased tool life due to Cobalt Substrate<\/p>","protected":false},"excerpt":{"rendered":"<p>\u2022 Cobalt \u2022 Bright &#038; Black Finish \u2022 Straight Shank \u2022 Right Hand Cut, Left Hand Helix \u2022 Left hand &hellip; <\/p>","protected":false},"featured_media":561,"comment_status":"closed","ping_status":"open","template":"","meta":[],"product_cat":[7562],"product_tag":[],"class_list":{"0":"post-170789","1":"product","2":"type-product","3":"status-publish","4":"has-post-thumbnail","6":"product_cat-chucking-reamer","7":"pa_decimal-equivalent-0-1378","8":"pa_flute-length-18-0","9":"pa_flute-type-spiral","10":"pa_list-number-re24535","11":"pa_metric-3-50","12":"pa_overall-length-70-0","13":"pa_package-quantity-2141","14":"pa_shank-type-straight","15":"pa_substrate-cobalt-fr-2","16":"pa_surface-treatment-bright-black","18":"first","19":"instock","20":"product-type-simple"},"acf":[],"_links":{"self":[{"href":"https:\/\/clarkson-osborn.com\/fr\/wp-json\/wp\/v2\/product\/170789","targetHints":{"allow":["GET"]}}],"collection":[{"href":"https:\/\/clarkson-osborn.com\/fr\/wp-json\/wp\/v2\/product"}],"about":[{"href":"https:\/\/clarkson-osborn.com\/fr\/wp-json\/wp\/v2\/types\/product"}],"replies":[{"embeddable":true,"href":"https:\/\/clarkson-osborn.com\/fr\/wp-json\/wp\/v2\/comments?post=170789"}],"wp:featuredmedia":[{"embeddable":true,"href":"https:\/\/clarkson-osborn.com\/fr\/wp-json\/wp\/v2\/media\/561"}],"wp:attachment":[{"href":"https:\/\/clarkson-osborn.com\/fr\/wp-json\/wp\/v2\/media?parent=170789"}],"wp:term":[{"taxonomy":"product_cat","embeddable":true,"href":"https:\/\/clarkson-osborn.com\/fr\/wp-json\/wp\/v2\/product_cat?post=170789"},{"taxonomy":"product_tag","embeddable":true,"href":"https:\/\/clarkson-osborn.com\/fr\/wp-json\/wp\/v2\/product_tag?post=170789"}],"curies":[{"name":"wp","href":"https:\/\/api.w.org\/{rel}","templated":true}]}}