{"id":167945,"date":"2024-10-03T19:03:20","date_gmt":"2024-10-03T19:03:20","guid":{"rendered":"https:\/\/clarkson-osborn.com\/product\/1-4-brad-spur-point-drill\/"},"modified":"2024-11-14T03:42:48","modified_gmt":"2024-11-14T03:42:48","slug":"1-4-brad-spur-point-drill","status":"publish","type":"product","link":"https:\/\/clarkson-osborn.com\/fr\/product\/1-4-brad-spur-point-drill\/","title":{"rendered":"1\/4 - For\u00eat \u00c0 Pointe-Pin\u00e7on Hyper"},"content":{"rendered":"<p>\u2022 Brad and Spur point drills are to be used in wood<br \/>\n\u2022 The point style is designed so it ensures an easy and accurate start<br \/>\n\u2022 The spurs cut a clean and smooth hole especially at breakthrough<\/p>","protected":false},"excerpt":{"rendered":"<p>\u2022 Brad and Spur point drills are to be used in wood \u2022 The point style is designed so it &hellip; <\/p>","protected":false},"featured_media":7668,"comment_status":"closed","ping_status":"open","template":"","meta":[],"product_cat":[7540],"product_tag":[],"class_list":{"0":"post-167945","1":"product","2":"type-product","3":"status-publish","4":"has-post-thumbnail","6":"product_cat-brad-spur","7":"pa_decimal-equivalent-0-2500","8":"pa_flute-length-2-3-4","9":"pa_flute-type-regular-spiral","10":"pa_fractional-1-4","11":"pa_list-number-zd54016","12":"pa_overall-length-2652","13":"pa_package-quantity-2141","14":"pa_shank-1-4","15":"pa_substrate-hss-fr-2","16":"pa_surface-treatment-bright","18":"first","19":"instock","20":"product-type-simple"},"acf":[],"_links":{"self":[{"href":"https:\/\/clarkson-osborn.com\/fr\/wp-json\/wp\/v2\/product\/167945","targetHints":{"allow":["GET"]}}],"collection":[{"href":"https:\/\/clarkson-osborn.com\/fr\/wp-json\/wp\/v2\/product"}],"about":[{"href":"https:\/\/clarkson-osborn.com\/fr\/wp-json\/wp\/v2\/types\/product"}],"replies":[{"embeddable":true,"href":"https:\/\/clarkson-osborn.com\/fr\/wp-json\/wp\/v2\/comments?post=167945"}],"wp:featuredmedia":[{"embeddable":true,"href":"https:\/\/clarkson-osborn.com\/fr\/wp-json\/wp\/v2\/media\/7668"}],"wp:attachment":[{"href":"https:\/\/clarkson-osborn.com\/fr\/wp-json\/wp\/v2\/media?parent=167945"}],"wp:term":[{"taxonomy":"product_cat","embeddable":true,"href":"https:\/\/clarkson-osborn.com\/fr\/wp-json\/wp\/v2\/product_cat?post=167945"},{"taxonomy":"product_tag","embeddable":true,"href":"https:\/\/clarkson-osborn.com\/fr\/wp-json\/wp\/v2\/product_tag?post=167945"}],"curies":[{"name":"wp","href":"https:\/\/api.w.org\/{rel}","templated":true}]}}