{"id":165077,"date":"2024-10-03T18:45:50","date_gmt":"2024-10-03T18:45:50","guid":{"rendered":"https:\/\/clarkson-osborn.com\/product\/5-solid-carbide-center-drill-combined-drill-countersink\/"},"modified":"2024-11-14T03:10:59","modified_gmt":"2024-11-14T03:10:59","slug":"5-solid-carbide-center-drill-combined-drill-countersink","status":"publish","type":"product","link":"https:\/\/clarkson-osborn.com\/fr\/product\/5-solid-carbide-center-drill-combined-drill-countersink\/","title":{"rendered":"#5 - Forets \u00c0 Centrer En Carbure"},"content":{"rendered":"<p>\u2022 Carbure \u00e0 grains submicroniques de premi\u00e8re qualit\u00e9<br \/>\n\u2022 Bright Finish<br \/>\n\u2022 60\u00b0 included angle<br \/>\n\u2022 Solid Carbide offers excellent wear and heat resistance<br \/>\n\u2022 Often called Center Drills \u2013 are for drilling center holes in components or workpieces that require machining between centers<\/p>","protected":false},"excerpt":{"rendered":"<p>\u2022 Premium Submicron Grain Carbide \u2022 Bright Finish \u2022 60\u00b0 included angle \u2022 Solid Carbide offers excellent wear and heat &hellip; <\/p>","protected":false},"featured_media":7650,"comment_status":"closed","ping_status":"open","template":"","meta":{"_acf_changed":false},"product_brand":[],"product_cat":[7516],"product_tag":[],"class_list":{"0":"post-165077","1":"product","2":"type-product","3":"status-publish","4":"has-post-thumbnail","6":"product_cat-carbide-3","7":"pa_angle-3263","8":"pa_flute-type-regular-spiral","9":"pa_large-diameter-max-7-16","10":"pa_list-number-sc07005","11":"pa_number-3281","12":"pa_overall-length-2-3-4","13":"pa_package-quantity-2141","14":"pa_small-diameter-min-3-16","15":"pa_substrate-carbide-fr-2","16":"pa_surface-treatment-bright","18":"first","19":"instock","20":"product-type-simple"},"acf":[],"_links":{"self":[{"href":"https:\/\/clarkson-osborn.com\/fr\/wp-json\/wp\/v2\/product\/165077","targetHints":{"allow":["GET"]}}],"collection":[{"href":"https:\/\/clarkson-osborn.com\/fr\/wp-json\/wp\/v2\/product"}],"about":[{"href":"https:\/\/clarkson-osborn.com\/fr\/wp-json\/wp\/v2\/types\/product"}],"replies":[{"embeddable":true,"href":"https:\/\/clarkson-osborn.com\/fr\/wp-json\/wp\/v2\/comments?post=165077"}],"wp:featuredmedia":[{"embeddable":true,"href":"https:\/\/clarkson-osborn.com\/fr\/wp-json\/wp\/v2\/media\/7650"}],"wp:attachment":[{"href":"https:\/\/clarkson-osborn.com\/fr\/wp-json\/wp\/v2\/media?parent=165077"}],"wp:term":[{"taxonomy":"product_brand","embeddable":true,"href":"https:\/\/clarkson-osborn.com\/fr\/wp-json\/wp\/v2\/product_brand?post=165077"},{"taxonomy":"product_cat","embeddable":true,"href":"https:\/\/clarkson-osborn.com\/fr\/wp-json\/wp\/v2\/product_cat?post=165077"},{"taxonomy":"product_tag","embeddable":true,"href":"https:\/\/clarkson-osborn.com\/fr\/wp-json\/wp\/v2\/product_tag?post=165077"}],"curies":[{"name":"wp","href":"https:\/\/api.w.org\/{rel}","templated":true}]}}