{"id":163217,"date":"2024-10-03T18:34:50","date_gmt":"2024-10-03T18:34:50","guid":{"rendered":"https:\/\/clarkson-osborn.com\/product\/5-60-tin-tipped-jobber-drill\/"},"modified":"2024-11-14T02:50:33","modified_gmt":"2024-11-14T02:50:33","slug":"5-60-tin-tipped-jobber-drill","status":"publish","type":"product","link":"https:\/\/clarkson-osborn.com\/fr\/product\/5-60-tin-tipped-jobber-drill\/","title":{"rendered":"5.60 - Forets \u00c0 Point\u00e9 En Titanium"},"content":{"rendered":"<p>\u2022 HSS<br \/>\n\u2022 Point de s\u00e9paration \u00e0 135\u00b0 (auto-centrage) qui \u00e9limine la \u00ab marche \u00bb et r\u00e9duit la force de pouss\u00e9e n\u00e9cessaire<br \/>\n\u2022 Titanium Nitride (TiN) coating increases wear and heat resistance while improving chip flow and higher lubricity<br \/>\n\u2022 Due to the better heat resistance of the TiN coating, the drill can be run at higher speeds and feeds<br \/>\n\u2022 Ideal for stainless Steel and other difficult materials<\/p>","protected":false},"excerpt":{"rendered":"<p>\u2022 HSS \u2022 135\u00b0 Split Point (self-centering) which eliminates \u201cWalking\u201d and reduces the thrust force needed \u2022 Titanium Nitride (TiN) &hellip; <\/p>","protected":false},"featured_media":0,"comment_status":"closed","ping_status":"open","template":"","meta":[],"product_cat":[7506],"product_tag":[],"class_list":{"0":"post-163217","1":"product","2":"type-product","3":"status-publish","5":"product_cat-hss-1","6":"pa_angle-2368","7":"pa_decimal-equivalent-0-2205","8":"pa_flute-length-57-0","9":"pa_flute-type-regular-spiral","10":"pa_list-number-dr10656","11":"pa_metric-5-60","12":"pa_overall-length-93-0","13":"pa_package-quantity-2369","14":"pa_substrate-hss-fr-2","15":"pa_surface-treatment-tin-tipped","17":"first","18":"instock","19":"product-type-simple"},"acf":[],"_links":{"self":[{"href":"https:\/\/clarkson-osborn.com\/fr\/wp-json\/wp\/v2\/product\/163217","targetHints":{"allow":["GET"]}}],"collection":[{"href":"https:\/\/clarkson-osborn.com\/fr\/wp-json\/wp\/v2\/product"}],"about":[{"href":"https:\/\/clarkson-osborn.com\/fr\/wp-json\/wp\/v2\/types\/product"}],"replies":[{"embeddable":true,"href":"https:\/\/clarkson-osborn.com\/fr\/wp-json\/wp\/v2\/comments?post=163217"}],"wp:attachment":[{"href":"https:\/\/clarkson-osborn.com\/fr\/wp-json\/wp\/v2\/media?parent=163217"}],"wp:term":[{"taxonomy":"product_cat","embeddable":true,"href":"https:\/\/clarkson-osborn.com\/fr\/wp-json\/wp\/v2\/product_cat?post=163217"},{"taxonomy":"product_tag","embeddable":true,"href":"https:\/\/clarkson-osborn.com\/fr\/wp-json\/wp\/v2\/product_tag?post=163217"}],"curies":[{"name":"wp","href":"https:\/\/api.w.org\/{rel}","templated":true}]}}