{"id":163001,"date":"2024-10-03T18:33:26","date_gmt":"2024-10-03T18:33:26","guid":{"rendered":"https:\/\/clarkson-osborn.com\/product\/letter-g-heavy-duty-jobber-drill\/"},"modified":"2024-11-14T02:48:01","modified_gmt":"2024-11-14T02:48:01","slug":"letter-g-heavy-duty-jobber-drill","status":"publish","type":"product","link":"https:\/\/clarkson-osborn.com\/fr\/product\/letter-g-heavy-duty-jobber-drill\/","title":{"rendered":"Lettre G - Forets Robuste"},"content":{"rendered":"<p>\u2022 HSS<br \/>\n\u2022 Finition en oxyde noir<br \/>\n\u2022 Point de s\u00e9paration \u00e0 135\u00b0 (auto-centrage) qui \u00e9limine la \u00ab marche \u00bb et r\u00e9duit la force de pouss\u00e9e n\u00e9cessaire<br \/>\n\u2022 La construction en bande lourde conf\u00e8re \u00e0 ce foret une r\u00e9sistance \u00e0 la torsion plus \u00e9lev\u00e9e, ce qui lui permet d&#039;\u00eatre utilis\u00e9 dans des mat\u00e9riaux plus durs avec des vitesses d&#039;avance plus \u00e9lev\u00e9es<br \/>\n\u2022 Le traitement de surface \u00e0 l&#039;oxyde noir augmente la r\u00e9tention du lubrifiant, la r\u00e9sistance \u00e0 l&#039;usure et r\u00e9duit le soudage des copeaux<\/p>","protected":false},"excerpt":{"rendered":"<p>\u2022 HSS \u2022 Black Oxide Finish \u2022 135\u00b0 Split Point (self-centering) which eliminates \u201cWalking\u201d and reduces the thrust force needed &hellip; <\/p>","protected":false},"featured_media":134734,"comment_status":"closed","ping_status":"open","template":"","meta":{"_acf_changed":false},"product_brand":[],"product_cat":[7506],"product_tag":[],"class_list":{"0":"post-163001","1":"product","2":"type-product","3":"status-publish","4":"has-post-thumbnail","6":"product_cat-hss-1","7":"pa_angle-2368","8":"pa_decimal-equivalent-0-2610","9":"pa_flute-length-2-7-8","10":"pa_flute-type-regular-spiral","11":"pa_letter-wire-gauge-g","12":"pa_list-number-dr74107","13":"pa_overall-length-4-1-8","14":"pa_package-quantity-2369","15":"pa_substrate-hss-fr-2","16":"pa_surface-treatment-steam-oxide","18":"first","19":"instock","20":"product-type-simple"},"acf":[],"_links":{"self":[{"href":"https:\/\/clarkson-osborn.com\/fr\/wp-json\/wp\/v2\/product\/163001","targetHints":{"allow":["GET"]}}],"collection":[{"href":"https:\/\/clarkson-osborn.com\/fr\/wp-json\/wp\/v2\/product"}],"about":[{"href":"https:\/\/clarkson-osborn.com\/fr\/wp-json\/wp\/v2\/types\/product"}],"replies":[{"embeddable":true,"href":"https:\/\/clarkson-osborn.com\/fr\/wp-json\/wp\/v2\/comments?post=163001"}],"wp:featuredmedia":[{"embeddable":true,"href":"https:\/\/clarkson-osborn.com\/fr\/wp-json\/wp\/v2\/media\/134734"}],"wp:attachment":[{"href":"https:\/\/clarkson-osborn.com\/fr\/wp-json\/wp\/v2\/media?parent=163001"}],"wp:term":[{"taxonomy":"product_brand","embeddable":true,"href":"https:\/\/clarkson-osborn.com\/fr\/wp-json\/wp\/v2\/product_brand?post=163001"},{"taxonomy":"product_cat","embeddable":true,"href":"https:\/\/clarkson-osborn.com\/fr\/wp-json\/wp\/v2\/product_cat?post=163001"},{"taxonomy":"product_tag","embeddable":true,"href":"https:\/\/clarkson-osborn.com\/fr\/wp-json\/wp\/v2\/product_tag?post=163001"}],"curies":[{"name":"wp","href":"https:\/\/api.w.org\/{rel}","templated":true}]}}