{"id":162807,"date":"2024-10-03T18:32:20","date_gmt":"2024-10-03T18:32:20","guid":{"rendered":"https:\/\/clarkson-osborn.com\/product\/5-10-two-tone-jobber-drill\/"},"modified":"2024-11-14T02:45:51","modified_gmt":"2024-11-14T02:45:51","slug":"5-10-two-tone-jobber-drill","status":"publish","type":"product","link":"https:\/\/clarkson-osborn.com\/fr\/product\/5-10-two-tone-jobber-drill\/","title":{"rendered":"5.10 - Forets Two-Tone Application Multiple"},"content":{"rendered":"<p>\u2022 HSS<br \/>\n\u2022 Point de s\u00e9paration \u00e0 135\u00b0 (auto-centrage) qui \u00e9limine la \u00ab marche \u00bb et r\u00e9duit la force de pouss\u00e9e n\u00e9cessaire<br \/>\n\u2022 Black and Gold surface treatment for maximum lubricity<br \/>\n\u2022 Ideal for hand drilling and machine applications<br \/>\n\u2022 Excellent choice for Steel and Stainless Steel<\/p>","protected":false},"excerpt":{"rendered":"<p>\u2022 HSS \u2022 135\u00b0 Split Point (self-centering) which eliminates \u201cWalking\u201d and reduces the thrust force needed \u2022 Black and Gold &hellip; <\/p>","protected":false},"featured_media":134368,"comment_status":"closed","ping_status":"open","template":"","meta":[],"product_cat":[7506],"product_tag":[],"class_list":{"0":"post-162807","1":"product","2":"type-product","3":"status-publish","4":"has-post-thumbnail","6":"product_cat-hss-1","7":"pa_angle-2368","8":"pa_decimal-equivalent-0-2008","9":"pa_flute-length-52-0","10":"pa_flute-type-regular-spiral","11":"pa_list-number-dr04510","12":"pa_metric-5-10","13":"pa_overall-length-86-0","14":"pa_package-quantity-2369","15":"pa_substrate-hss-fr-2","16":"pa_surface-treatment-black-gold","18":"first","19":"instock","20":"product-type-simple"},"acf":[],"_links":{"self":[{"href":"https:\/\/clarkson-osborn.com\/fr\/wp-json\/wp\/v2\/product\/162807","targetHints":{"allow":["GET"]}}],"collection":[{"href":"https:\/\/clarkson-osborn.com\/fr\/wp-json\/wp\/v2\/product"}],"about":[{"href":"https:\/\/clarkson-osborn.com\/fr\/wp-json\/wp\/v2\/types\/product"}],"replies":[{"embeddable":true,"href":"https:\/\/clarkson-osborn.com\/fr\/wp-json\/wp\/v2\/comments?post=162807"}],"wp:featuredmedia":[{"embeddable":true,"href":"https:\/\/clarkson-osborn.com\/fr\/wp-json\/wp\/v2\/media\/134368"}],"wp:attachment":[{"href":"https:\/\/clarkson-osborn.com\/fr\/wp-json\/wp\/v2\/media?parent=162807"}],"wp:term":[{"taxonomy":"product_cat","embeddable":true,"href":"https:\/\/clarkson-osborn.com\/fr\/wp-json\/wp\/v2\/product_cat?post=162807"},{"taxonomy":"product_tag","embeddable":true,"href":"https:\/\/clarkson-osborn.com\/fr\/wp-json\/wp\/v2\/product_tag?post=162807"}],"curies":[{"name":"wp","href":"https:\/\/api.w.org\/{rel}","templated":true}]}}