{"id":162442,"date":"2024-10-03T18:30:25","date_gmt":"2024-10-03T18:30:25","guid":{"rendered":"https:\/\/clarkson-osborn.com\/product\/3-20-cobalt-jobber-drill-parabolic-flute-tin-coated\/"},"modified":"2024-11-14T02:41:49","modified_gmt":"2024-11-14T02:41:49","slug":"3-20-cobalt-jobber-drill-parabolic-flute-tin-coated","status":"publish","type":"product","link":"https:\/\/clarkson-osborn.com\/fr\/product\/3-20-cobalt-jobber-drill-parabolic-flute-tin-coated\/","title":{"rendered":"3.20 - Forets Parabolique Cobalt TiN"},"content":{"rendered":"<p>\u2022 Cobalt Jobber drills offer increased hardness, toughness and better wear resistance compared to regular HSS<br \/>\n\u2022 Point de s\u00e9paration \u00e0 135\u00b0 (auto-centrage) qui \u00e9limine la \u00ab marche \u00bb et r\u00e9duit la force de pouss\u00e9e n\u00e9cessaire<br \/>\n\u2022 Titanium Nitride (TiN) coating increases wear and heat resistance while improving chip flow and higher lubricity<br \/>\n\u2022 Parabolic flute design facilitates effective chip evacuation for deep hole drilling<br \/>\n\u2022 Suitable for steel, Stainless Steel<\/p>","protected":false},"excerpt":{"rendered":"<p>\u2022 Cobalt Jobber drills offer increased hardness, toughness and better wear resistance compared to regular HSS \u2022 135\u00b0 Split Point &hellip; <\/p>","protected":false},"featured_media":7618,"comment_status":"closed","ping_status":"open","template":"","meta":[],"product_cat":[7505],"product_tag":[],"class_list":{"0":"post-162442","1":"product","2":"type-product","3":"status-publish","4":"has-post-thumbnail","6":"product_cat-cobalt-1","7":"pa_angle-2368","8":"pa_decimal-equivalent-0-1260","9":"pa_flute-length-36-0","10":"pa_flute-type-parabolic","11":"pa_list-number-dr11832","12":"pa_metric-3-20","13":"pa_overall-length-65-0","14":"pa_package-quantity-2369","15":"pa_substrate-cobalt-fr-2","16":"pa_surface-treatment-tin-coated","18":"first","19":"instock","20":"product-type-simple"},"acf":[],"_links":{"self":[{"href":"https:\/\/clarkson-osborn.com\/fr\/wp-json\/wp\/v2\/product\/162442","targetHints":{"allow":["GET"]}}],"collection":[{"href":"https:\/\/clarkson-osborn.com\/fr\/wp-json\/wp\/v2\/product"}],"about":[{"href":"https:\/\/clarkson-osborn.com\/fr\/wp-json\/wp\/v2\/types\/product"}],"replies":[{"embeddable":true,"href":"https:\/\/clarkson-osborn.com\/fr\/wp-json\/wp\/v2\/comments?post=162442"}],"wp:featuredmedia":[{"embeddable":true,"href":"https:\/\/clarkson-osborn.com\/fr\/wp-json\/wp\/v2\/media\/7618"}],"wp:attachment":[{"href":"https:\/\/clarkson-osborn.com\/fr\/wp-json\/wp\/v2\/media?parent=162442"}],"wp:term":[{"taxonomy":"product_cat","embeddable":true,"href":"https:\/\/clarkson-osborn.com\/fr\/wp-json\/wp\/v2\/product_cat?post=162442"},{"taxonomy":"product_tag","embeddable":true,"href":"https:\/\/clarkson-osborn.com\/fr\/wp-json\/wp\/v2\/product_tag?post=162442"}],"curies":[{"name":"wp","href":"https:\/\/api.w.org\/{rel}","templated":true}]}}