{"id":162352,"date":"2024-10-03T18:29:53","date_gmt":"2024-10-03T18:29:53","guid":{"rendered":"https:\/\/clarkson-osborn.com\/product\/5-50-cobalt-jobber-drill-parabolic-flute\/"},"modified":"2024-11-14T02:40:43","modified_gmt":"2024-11-14T02:40:43","slug":"5-50-cobalt-jobber-drill-parabolic-flute","status":"publish","type":"product","link":"https:\/\/clarkson-osborn.com\/fr\/product\/5-50-cobalt-jobber-drill-parabolic-flute\/","title":{"rendered":"5.50 - Forets Parabolique Cobalt"},"content":{"rendered":"<p>\u2022 Cobalt Jobber drills offer increased hardness, toughness and better wear resistance compared to regular HSS<br \/>\n\u2022 Bright surface finish provides a polished finish and prevents chip building, galling and welding on a workpiece<br \/>\n\u2022 Point de s\u00e9paration \u00e0 135\u00b0 (auto-centrage) qui \u00e9limine la \u00ab marche \u00bb et r\u00e9duit la force de pouss\u00e9e n\u00e9cessaire<br \/>\n\u2022 Parabolic flute design facilitates effective chip evacuation for deep hole drilling<br \/>\n\u2022 Suitable for a wide range of Ferrous and Non-Ferrous materials<\/p>","protected":false},"excerpt":{"rendered":"<p>\u2022 Cobalt Jobber drills offer increased hardness, toughness and better wear resistance compared to regular HSS \u2022 Bright surface finish &hellip; <\/p>","protected":false},"featured_media":134131,"comment_status":"closed","ping_status":"open","template":"","meta":[],"product_cat":[7505],"product_tag":[],"class_list":{"0":"post-162352","1":"product","2":"type-product","3":"status-publish","4":"has-post-thumbnail","6":"product_cat-cobalt-1","7":"pa_angle-2368","8":"pa_decimal-equivalent-0-2165","9":"pa_flute-length-57-0","10":"pa_flute-type-parabolic","11":"pa_list-number-dr11655","12":"pa_metric-5-50","13":"pa_overall-length-93-0","14":"pa_package-quantity-2369","15":"pa_substrate-cobalt-fr-2","16":"pa_surface-treatment-bright","18":"first","19":"instock","20":"product-type-simple"},"acf":[],"_links":{"self":[{"href":"https:\/\/clarkson-osborn.com\/fr\/wp-json\/wp\/v2\/product\/162352","targetHints":{"allow":["GET"]}}],"collection":[{"href":"https:\/\/clarkson-osborn.com\/fr\/wp-json\/wp\/v2\/product"}],"about":[{"href":"https:\/\/clarkson-osborn.com\/fr\/wp-json\/wp\/v2\/types\/product"}],"replies":[{"embeddable":true,"href":"https:\/\/clarkson-osborn.com\/fr\/wp-json\/wp\/v2\/comments?post=162352"}],"wp:featuredmedia":[{"embeddable":true,"href":"https:\/\/clarkson-osborn.com\/fr\/wp-json\/wp\/v2\/media\/134131"}],"wp:attachment":[{"href":"https:\/\/clarkson-osborn.com\/fr\/wp-json\/wp\/v2\/media?parent=162352"}],"wp:term":[{"taxonomy":"product_cat","embeddable":true,"href":"https:\/\/clarkson-osborn.com\/fr\/wp-json\/wp\/v2\/product_cat?post=162352"},{"taxonomy":"product_tag","embeddable":true,"href":"https:\/\/clarkson-osborn.com\/fr\/wp-json\/wp\/v2\/product_tag?post=162352"}],"curies":[{"name":"wp","href":"https:\/\/api.w.org\/{rel}","templated":true}]}}