{"id":162201,"date":"2024-10-03T18:28:25","date_gmt":"2024-10-03T18:28:25","guid":{"rendered":"https:\/\/clarkson-osborn.com\/product\/1-60-cobalt-jobber-drill\/"},"modified":"2024-11-14T02:38:56","modified_gmt":"2024-11-14T02:38:56","slug":"1-60-cobalt-jobber-drill","status":"publish","type":"product","link":"https:\/\/clarkson-osborn.com\/fr\/product\/1-60-cobalt-jobber-drill\/","title":{"rendered":"1.60 - Forets Cobalt"},"content":{"rendered":"<p>\u2022 Cobalt Jobber drills offer increased hardness, toughness and better wear resistance compared to regular HSS<br \/>\n\u2022 Gold Oxide surface finish provides a polished finish and prevents chip building, galling and welding on a workpiece<br \/>\n\u2022 Point de s\u00e9paration \u00e0 135\u00b0 (auto-centrage) qui \u00e9limine la \u00ab marche \u00bb et r\u00e9duit la force de pouss\u00e9e n\u00e9cessaire<br \/>\n\u2022 Cobalt drills are suitable for harder material including alloy steels, Stainless Steel and other difficult to drill materials<\/p>","protected":false},"excerpt":{"rendered":"<p>\u2022 Cobalt Jobber drills offer increased hardness, toughness and better wear resistance compared to regular HSS \u2022 Gold Oxide surface &hellip; <\/p>","protected":false},"featured_media":149070,"comment_status":"closed","ping_status":"open","template":"","meta":[],"product_cat":[7505],"product_tag":[],"class_list":{"0":"post-162201","1":"product","2":"type-product","3":"status-publish","4":"has-post-thumbnail","6":"product_cat-cobalt-1","7":"pa_angle-2368","8":"pa_decimal-equivalent-0-0630","9":"pa_flute-length-20-0","10":"pa_flute-type-regular-spiral","11":"pa_list-number-dr90160","12":"pa_metric-1-60","13":"pa_overall-length-43-0","14":"pa_package-quantity-2369","15":"pa_substrate-cobalt-fr-2","16":"pa_surface-treatment-bronze","18":"first","19":"instock","20":"product-type-simple"},"acf":[],"_links":{"self":[{"href":"https:\/\/clarkson-osborn.com\/fr\/wp-json\/wp\/v2\/product\/162201","targetHints":{"allow":["GET"]}}],"collection":[{"href":"https:\/\/clarkson-osborn.com\/fr\/wp-json\/wp\/v2\/product"}],"about":[{"href":"https:\/\/clarkson-osborn.com\/fr\/wp-json\/wp\/v2\/types\/product"}],"replies":[{"embeddable":true,"href":"https:\/\/clarkson-osborn.com\/fr\/wp-json\/wp\/v2\/comments?post=162201"}],"wp:featuredmedia":[{"embeddable":true,"href":"https:\/\/clarkson-osborn.com\/fr\/wp-json\/wp\/v2\/media\/149070"}],"wp:attachment":[{"href":"https:\/\/clarkson-osborn.com\/fr\/wp-json\/wp\/v2\/media?parent=162201"}],"wp:term":[{"taxonomy":"product_cat","embeddable":true,"href":"https:\/\/clarkson-osborn.com\/fr\/wp-json\/wp\/v2\/product_cat?post=162201"},{"taxonomy":"product_tag","embeddable":true,"href":"https:\/\/clarkson-osborn.com\/fr\/wp-json\/wp\/v2\/product_tag?post=162201"}],"curies":[{"name":"wp","href":"https:\/\/api.w.org\/{rel}","templated":true}]}}