{"id":162034,"date":"2024-10-03T18:27:19","date_gmt":"2024-10-03T18:27:19","guid":{"rendered":"https:\/\/clarkson-osborn.com\/product\/49-64-carbide-tipped-taper-length-drill\/"},"modified":"2024-11-14T02:36:59","modified_gmt":"2024-11-14T02:36:59","slug":"49-64-carbide-tipped-taper-length-drill","status":"publish","type":"product","link":"https:\/\/clarkson-osborn.com\/fr\/product\/49-64-carbide-tipped-taper-length-drill\/","title":{"rendered":"49\/64 - For\u00eats \u00c0 Point\u00e9 De Carbure S\u00e9rie Longue"},"content":{"rendered":"<p>\u2022 Bright Finish<br \/>\n\u2022 118\u00b0 Notched Point<br \/>\n\u2022 Longer Overall Length \/ Flute Length<br \/>\n\u2022 HSS body, Carbide Tip provides excellent wear resistance<br \/>\n\u2022 Taper Length drills have the same flute length as taper shank drills for deeper hole drilling<br \/>\n\u2022 Recommended for drilling Cast Iron, Composites, Aluminum Castings, Bronze, Fiberglass and other Non-Ferrous materials<\/p>","protected":false},"excerpt":{"rendered":"<p>\u2022 Bright Finish \u2022 118\u00b0 Notched Point \u2022 Longer Overall Length \/ Flute Length \u2022 HSS body, Carbide Tip provides &hellip; <\/p>","protected":false},"featured_media":149011,"comment_status":"closed","ping_status":"open","template":"","meta":[],"product_cat":[7504],"product_tag":[],"class_list":{"0":"post-162034","1":"product","2":"type-product","3":"status-publish","4":"has-post-thumbnail","6":"product_cat-carbide-tipped-2","7":"pa_angle-2139","8":"pa_decimal-equivalent-0-7656","9":"pa_flute-length-3348","10":"pa_flute-type-regular-spiral","11":"pa_fractional-49-64","12":"pa_list-number-sc15049","13":"pa_overall-length-9-3-4","14":"pa_package-quantity-2141","15":"pa_substrate-carbide-tipped","16":"pa_surface-treatment-bright","18":"first","19":"instock","20":"product-type-simple"},"acf":[],"_links":{"self":[{"href":"https:\/\/clarkson-osborn.com\/fr\/wp-json\/wp\/v2\/product\/162034","targetHints":{"allow":["GET"]}}],"collection":[{"href":"https:\/\/clarkson-osborn.com\/fr\/wp-json\/wp\/v2\/product"}],"about":[{"href":"https:\/\/clarkson-osborn.com\/fr\/wp-json\/wp\/v2\/types\/product"}],"replies":[{"embeddable":true,"href":"https:\/\/clarkson-osborn.com\/fr\/wp-json\/wp\/v2\/comments?post=162034"}],"wp:featuredmedia":[{"embeddable":true,"href":"https:\/\/clarkson-osborn.com\/fr\/wp-json\/wp\/v2\/media\/149011"}],"wp:attachment":[{"href":"https:\/\/clarkson-osborn.com\/fr\/wp-json\/wp\/v2\/media?parent=162034"}],"wp:term":[{"taxonomy":"product_cat","embeddable":true,"href":"https:\/\/clarkson-osborn.com\/fr\/wp-json\/wp\/v2\/product_cat?post=162034"},{"taxonomy":"product_tag","embeddable":true,"href":"https:\/\/clarkson-osborn.com\/fr\/wp-json\/wp\/v2\/product_tag?post=162034"}],"curies":[{"name":"wp","href":"https:\/\/api.w.org\/{rel}","templated":true}]}}