{"id":161964,"date":"2024-10-03T18:27:02","date_gmt":"2024-10-03T18:27:02","guid":{"rendered":"https:\/\/clarkson-osborn.com\/product\/9-64-solid-carbide-jobber-drill-3-flute\/"},"modified":"2024-11-14T02:36:09","modified_gmt":"2024-11-14T02:36:09","slug":"9-64-solid-carbide-jobber-drill-3-flute","status":"publish","type":"product","link":"https:\/\/clarkson-osborn.com\/fr\/product\/9-64-solid-carbide-jobber-drill-3-flute\/","title":{"rendered":"9\/64 - Forets En Carbure Monobloc 3 Cannelures"},"content":{"rendered":"<p>\u2022 Carbure \u00e0 grains submicroniques de premi\u00e8re qualit\u00e9<br \/>\n\u2022 Finition brillante (rev\u00eatements TiN et TiAIN disponibles)<br \/>\n\u2022 150\u00b0 self-centering point eliminates exit burrs in many applications<br \/>\n\u2022 3 Flute design allows higher material removal rates, exceptional surface finish and produces straighter holes<br \/>\n\u2022 Designed for aluminum and cast iron and can be used in most steel applications<\/p>","protected":false},"excerpt":{"rendered":"<p>\u2022 Premium Submicron Grain Carbide \u2022 Bright Finish (TiN and TiAIN coatings available) \u2022 150\u00b0 self-centering point eliminates exit burrs &hellip; <\/p>","protected":false},"featured_media":133772,"comment_status":"closed","ping_status":"open","template":"","meta":{"_acf_changed":false},"product_brand":[],"product_cat":[7499],"product_tag":[],"class_list":{"0":"post-161964","1":"product","2":"type-product","3":"status-publish","4":"has-post-thumbnail","6":"product_cat-carbide-1","7":"pa_angle-4953","8":"pa_decimal-equivalent-0-1406","9":"pa_flute-length-1-3-8","10":"pa_flute-type-regular-spiral","11":"pa_fractional-9-64","12":"pa_list-number-sc16009","13":"pa_overall-length-2-1-2","14":"pa_package-quantity-2141","15":"pa_substrate-carbide-fr-2","16":"pa_surface-treatment-bright","18":"first","19":"instock","20":"product-type-simple"},"acf":[],"_links":{"self":[{"href":"https:\/\/clarkson-osborn.com\/fr\/wp-json\/wp\/v2\/product\/161964","targetHints":{"allow":["GET"]}}],"collection":[{"href":"https:\/\/clarkson-osborn.com\/fr\/wp-json\/wp\/v2\/product"}],"about":[{"href":"https:\/\/clarkson-osborn.com\/fr\/wp-json\/wp\/v2\/types\/product"}],"replies":[{"embeddable":true,"href":"https:\/\/clarkson-osborn.com\/fr\/wp-json\/wp\/v2\/comments?post=161964"}],"wp:featuredmedia":[{"embeddable":true,"href":"https:\/\/clarkson-osborn.com\/fr\/wp-json\/wp\/v2\/media\/133772"}],"wp:attachment":[{"href":"https:\/\/clarkson-osborn.com\/fr\/wp-json\/wp\/v2\/media?parent=161964"}],"wp:term":[{"taxonomy":"product_brand","embeddable":true,"href":"https:\/\/clarkson-osborn.com\/fr\/wp-json\/wp\/v2\/product_brand?post=161964"},{"taxonomy":"product_cat","embeddable":true,"href":"https:\/\/clarkson-osborn.com\/fr\/wp-json\/wp\/v2\/product_cat?post=161964"},{"taxonomy":"product_tag","embeddable":true,"href":"https:\/\/clarkson-osborn.com\/fr\/wp-json\/wp\/v2\/product_tag?post=161964"}],"curies":[{"name":"wp","href":"https:\/\/api.w.org\/{rel}","templated":true}]}}