{"id":161958,"date":"2024-10-03T18:27:02","date_gmt":"2024-10-03T18:27:02","guid":{"rendered":"https:\/\/clarkson-osborn.com\/product\/3-4-carbide-tipped-die-drill\/"},"modified":"2024-11-14T02:36:06","modified_gmt":"2024-11-14T02:36:06","slug":"3-4-carbide-tipped-die-drill","status":"publish","type":"product","link":"https:\/\/clarkson-osborn.com\/fr\/product\/3-4-carbide-tipped-die-drill\/","title":{"rendered":"3\/4 - Forets \u00c0 Point\u00e9 De Carbure Fl\u00fbte Droite"},"content":{"rendered":"<p>\u2022 Bright Finish<br \/>\n\u2022 HSS Body<br \/>\n\u2022 118\u00b0 Notched Point<br \/>\n\u2022 The thick carbide tip, high temperature braze and heavy land construction withstand the heavy feed pressure necessary to penetrate hardened and case-hardened steels<\/p>","protected":false},"excerpt":{"rendered":"<p>\u2022 Bright Finish \u2022 HSS Body \u2022 118\u00b0 Notched Point \u2022 The thick carbide tip, high temperature braze and heavy &hellip; <\/p>","protected":false},"featured_media":7649,"comment_status":"closed","ping_status":"open","template":"","meta":[],"product_cat":[7500],"product_tag":[],"class_list":{"0":"post-161958","1":"product","2":"type-product","3":"status-publish","4":"has-post-thumbnail","6":"product_cat-carbide-tipped-1","7":"pa_angle-2139","8":"pa_decimal-equivalent-0-7500","9":"pa_flute-length-4-3-4","10":"pa_flute-type-straight","11":"pa_fractional-3-4","12":"pa_list-number-sc06048","13":"pa_overall-length-3194","14":"pa_package-quantity-2141","15":"pa_substrate-carbide-tipped","16":"pa_surface-treatment-bright","18":"first","19":"instock","20":"product-type-simple"},"acf":[],"_links":{"self":[{"href":"https:\/\/clarkson-osborn.com\/fr\/wp-json\/wp\/v2\/product\/161958","targetHints":{"allow":["GET"]}}],"collection":[{"href":"https:\/\/clarkson-osborn.com\/fr\/wp-json\/wp\/v2\/product"}],"about":[{"href":"https:\/\/clarkson-osborn.com\/fr\/wp-json\/wp\/v2\/types\/product"}],"replies":[{"embeddable":true,"href":"https:\/\/clarkson-osborn.com\/fr\/wp-json\/wp\/v2\/comments?post=161958"}],"wp:featuredmedia":[{"embeddable":true,"href":"https:\/\/clarkson-osborn.com\/fr\/wp-json\/wp\/v2\/media\/7649"}],"wp:attachment":[{"href":"https:\/\/clarkson-osborn.com\/fr\/wp-json\/wp\/v2\/media?parent=161958"}],"wp:term":[{"taxonomy":"product_cat","embeddable":true,"href":"https:\/\/clarkson-osborn.com\/fr\/wp-json\/wp\/v2\/product_cat?post=161958"},{"taxonomy":"product_tag","embeddable":true,"href":"https:\/\/clarkson-osborn.com\/fr\/wp-json\/wp\/v2\/product_tag?post=161958"}],"curies":[{"name":"wp","href":"https:\/\/api.w.org\/{rel}","templated":true}]}}