{"id":161833,"date":"2024-10-03T18:26:13","date_gmt":"2024-10-03T18:26:13","guid":{"rendered":"https:\/\/clarkson-osborn.com\/product\/46-solid-carbide-die-drill\/"},"modified":"2024-11-14T02:34:45","modified_gmt":"2024-11-14T02:34:45","slug":"46-solid-carbide-die-drill","status":"publish","type":"product","link":"https:\/\/clarkson-osborn.com\/fr\/product\/46-solid-carbide-die-drill\/","title":{"rendered":"#46 - Forets En Carbure Monobloc Fl\u00fbte Droite"},"content":{"rendered":"<p>\u2022 Carbure \u00e0 grains submicroniques de premi\u00e8re qualit\u00e9<br \/>\n\u2022 Pointe fendue \u00e0 140\u00b0<br \/>\n\u2022 Finition brillante (rev\u00eatements TiN et TiAIN disponibles)<br \/>\n\u2022 La conception de la cannelure droite conf\u00e8re une r\u00e9sistance accrue \u00e0 la bande et la configuration sp\u00e9ciale de la pointe p\u00e9n\u00e8tre facilement dans les pi\u00e8ces avec une d\u00e9flexion minimale<br \/>\n\u2022 Les forets en carbure monobloc \u00e0 fl\u00fbte droite sont con\u00e7us pour percer des trous \u00e0 tol\u00e9rance serr\u00e9e dans des mat\u00e9riaux difficiles (40 \u2013 60 Rc), notamment l&#039;acier alli\u00e9, l&#039;acier inoxydable, les alliages de nickel, les alliages de chrome et d&#039;autres alliages exotiques<\/p>","protected":false},"excerpt":{"rendered":"<p>\u2022 Premium Submicron Grain Carbide \u2022 140\u00b0 Split Point \u2022 Bright Finish (TiN and TiAIN coatings available) \u2022 Straight Flute &hellip; <\/p>","protected":false},"featured_media":7649,"comment_status":"closed","ping_status":"open","template":"","meta":[],"product_cat":[7499],"product_tag":[],"class_list":{"0":"post-161833","1":"product","2":"type-product","3":"status-publish","4":"has-post-thumbnail","6":"product_cat-carbide-1","7":"pa_angle-4937","8":"pa_decimal-equivalent-0-0810","9":"pa_flute-length-3-4","10":"pa_flute-type-straight","11":"pa_letter-wire-gauge-2229","12":"pa_list-number-sc05746","13":"pa_overall-length-1-3-4","14":"pa_package-quantity-2141","15":"pa_substrate-carbide-fr-2","16":"pa_surface-treatment-bright","18":"first","19":"instock","20":"product-type-simple"},"acf":[],"_links":{"self":[{"href":"https:\/\/clarkson-osborn.com\/fr\/wp-json\/wp\/v2\/product\/161833","targetHints":{"allow":["GET"]}}],"collection":[{"href":"https:\/\/clarkson-osborn.com\/fr\/wp-json\/wp\/v2\/product"}],"about":[{"href":"https:\/\/clarkson-osborn.com\/fr\/wp-json\/wp\/v2\/types\/product"}],"replies":[{"embeddable":true,"href":"https:\/\/clarkson-osborn.com\/fr\/wp-json\/wp\/v2\/comments?post=161833"}],"wp:featuredmedia":[{"embeddable":true,"href":"https:\/\/clarkson-osborn.com\/fr\/wp-json\/wp\/v2\/media\/7649"}],"wp:attachment":[{"href":"https:\/\/clarkson-osborn.com\/fr\/wp-json\/wp\/v2\/media?parent=161833"}],"wp:term":[{"taxonomy":"product_cat","embeddable":true,"href":"https:\/\/clarkson-osborn.com\/fr\/wp-json\/wp\/v2\/product_cat?post=161833"},{"taxonomy":"product_tag","embeddable":true,"href":"https:\/\/clarkson-osborn.com\/fr\/wp-json\/wp\/v2\/product_tag?post=161833"}],"curies":[{"name":"wp","href":"https:\/\/api.w.org\/{rel}","templated":true}]}}