{"id":161772,"date":"2024-10-03T18:25:56","date_gmt":"2024-10-03T18:25:56","guid":{"rendered":"https:\/\/clarkson-osborn.com\/product\/11-32-solid-carbide-stub-drill\/"},"modified":"2024-11-14T02:34:03","modified_gmt":"2024-11-14T02:34:03","slug":"11-32-solid-carbide-stub-drill","status":"publish","type":"product","link":"https:\/\/clarkson-osborn.com\/fr\/product\/11-32-solid-carbide-stub-drill\/","title":{"rendered":"11\/32 - Forets Extra Courte En Carbure"},"content":{"rendered":"<p>\u2022 Carbure \u00e0 grains submicroniques de premi\u00e8re qualit\u00e9<br \/>\n\u2022 Finition brillante (rev\u00eatements TiN et TiAIN disponibles)<br \/>\n\u2022 135\u00b0 Four Facet Point<br \/>\n\u2022 Slow Spiral for tough drilling applications<br \/>\n\u2022 Precision ground carbide drills are designed for high feed rate and good chip evacuation while providing excellent wear resistance and hardness<br \/>\n\u2022 Designed for drilling Cast Iron, Aluminum, Copper, Plastics, Bronze and other similar materials<\/p>","protected":false},"excerpt":{"rendered":"<p>\u2022 Premium Submicron Grain Carbide \u2022 Bright Finish (TiN and TiAIN coatings available) \u2022 135\u00b0 Four Facet Point \u2022 Slow &hellip; <\/p>","protected":false},"featured_media":133488,"comment_status":"closed","ping_status":"open","template":"","meta":{"_acf_changed":false},"product_brand":[],"product_cat":[7502],"product_tag":[],"class_list":{"0":"post-161772","1":"product","2":"type-product","3":"status-publish","4":"has-post-thumbnail","6":"product_cat-carbide-2","7":"pa_angle-2368","8":"pa_decimal-equivalent-0-3438","9":"pa_flute-length-1-11-16","10":"pa_flute-type-slow-helix","11":"pa_fractional-11-32","12":"pa_list-number-sc12343","13":"pa_overall-length-2327","14":"pa_package-quantity-2141","15":"pa_substrate-carbide-fr-2","16":"pa_surface-treatment-bright","18":"first","19":"instock","20":"product-type-simple"},"acf":[],"_links":{"self":[{"href":"https:\/\/clarkson-osborn.com\/fr\/wp-json\/wp\/v2\/product\/161772","targetHints":{"allow":["GET"]}}],"collection":[{"href":"https:\/\/clarkson-osborn.com\/fr\/wp-json\/wp\/v2\/product"}],"about":[{"href":"https:\/\/clarkson-osborn.com\/fr\/wp-json\/wp\/v2\/types\/product"}],"replies":[{"embeddable":true,"href":"https:\/\/clarkson-osborn.com\/fr\/wp-json\/wp\/v2\/comments?post=161772"}],"wp:featuredmedia":[{"embeddable":true,"href":"https:\/\/clarkson-osborn.com\/fr\/wp-json\/wp\/v2\/media\/133488"}],"wp:attachment":[{"href":"https:\/\/clarkson-osborn.com\/fr\/wp-json\/wp\/v2\/media?parent=161772"}],"wp:term":[{"taxonomy":"product_brand","embeddable":true,"href":"https:\/\/clarkson-osborn.com\/fr\/wp-json\/wp\/v2\/product_brand?post=161772"},{"taxonomy":"product_cat","embeddable":true,"href":"https:\/\/clarkson-osborn.com\/fr\/wp-json\/wp\/v2\/product_cat?post=161772"},{"taxonomy":"product_tag","embeddable":true,"href":"https:\/\/clarkson-osborn.com\/fr\/wp-json\/wp\/v2\/product_tag?post=161772"}],"curies":[{"name":"wp","href":"https:\/\/api.w.org\/{rel}","templated":true}]}}