{"id":161528,"date":"2024-10-03T18:24:30","date_gmt":"2024-10-03T18:24:30","guid":{"rendered":"https:\/\/clarkson-osborn.com\/product\/7-20-solid-carbide-jobber-drill\/"},"modified":"2024-11-14T02:31:19","modified_gmt":"2024-11-14T02:31:19","slug":"7-20-solid-carbide-jobber-drill","status":"publish","type":"product","link":"https:\/\/clarkson-osborn.com\/fr\/product\/7-20-solid-carbide-jobber-drill\/","title":{"rendered":"7.20 - Forets En Carbure Monobloc"},"content":{"rendered":"<p>\u2022 Carbure \u00e0 grains submicroniques de premi\u00e8re qualit\u00e9<br \/>\n\u2022 Finition brillante (rev\u00eatements TiN et TiAIN disponibles)<br \/>\n\u2022 118\u00b0 Four Facet Point<br \/>\n\u2022 Regular Spiral<br \/>\n\u2022 Precision ground carbide drills are designed for high feed rate and good chip evacuation while providing excellent wear resistance and hardness<br \/>\n\u2022 Designed for drilling Cast Iron, Aluminum, Copper, Plastics, Bronze and other similar materials<\/p>","protected":false},"excerpt":{"rendered":"<p>\u2022 Premium Submicron Grain Carbide \u2022 Bright Finish (TiN and TiAIN coatings available) \u2022 118\u00b0 Four Facet Point \u2022 Regular &hellip; <\/p>","protected":false},"featured_media":902,"comment_status":"closed","ping_status":"open","template":"","meta":[],"product_cat":[7499],"product_tag":[],"class_list":{"0":"post-161528","1":"product","2":"type-product","3":"status-publish","4":"has-post-thumbnail","6":"product_cat-carbide-1","7":"pa_angle-2139","8":"pa_decimal-equivalent-0-2835","9":"pa_flute-length-54-0","10":"pa_flute-type-regular-spiral","11":"pa_list-number-sc03720","12":"pa_metric-7-20","13":"pa_overall-length-89-0","14":"pa_package-quantity-2141","15":"pa_substrate-carbide-fr-2","16":"pa_surface-treatment-bright","18":"first","19":"instock","20":"product-type-simple"},"acf":[],"_links":{"self":[{"href":"https:\/\/clarkson-osborn.com\/fr\/wp-json\/wp\/v2\/product\/161528","targetHints":{"allow":["GET"]}}],"collection":[{"href":"https:\/\/clarkson-osborn.com\/fr\/wp-json\/wp\/v2\/product"}],"about":[{"href":"https:\/\/clarkson-osborn.com\/fr\/wp-json\/wp\/v2\/types\/product"}],"replies":[{"embeddable":true,"href":"https:\/\/clarkson-osborn.com\/fr\/wp-json\/wp\/v2\/comments?post=161528"}],"wp:featuredmedia":[{"embeddable":true,"href":"https:\/\/clarkson-osborn.com\/fr\/wp-json\/wp\/v2\/media\/902"}],"wp:attachment":[{"href":"https:\/\/clarkson-osborn.com\/fr\/wp-json\/wp\/v2\/media?parent=161528"}],"wp:term":[{"taxonomy":"product_cat","embeddable":true,"href":"https:\/\/clarkson-osborn.com\/fr\/wp-json\/wp\/v2\/product_cat?post=161528"},{"taxonomy":"product_tag","embeddable":true,"href":"https:\/\/clarkson-osborn.com\/fr\/wp-json\/wp\/v2\/product_tag?post=161528"}],"curies":[{"name":"wp","href":"https:\/\/api.w.org\/{rel}","templated":true}]}}