{"id":18,"date":"2019-05-10T17:08:05","date_gmt":"2019-05-10T17:08:05","guid":{"rendered":"https:\/\/clarkson-osborn.com\/?page_id=18"},"modified":"2026-04-10T05:44:26","modified_gmt":"2026-04-10T05:44:26","slug":"careers","status":"publish","type":"page","link":"https:\/\/clarkson-osborn.com\/fr\/about-us\/careers\/","title":{"rendered":"Carri\u00e8res"},"content":{"rendered":"<div class=\"wp-block-image\">\n<figure class=\"alignleft\"><img loading=\"lazy\" decoding=\"async\" width=\"300\" height=\"181\" src=\"https:\/\/clarkson-osborn.com\/wp-content\/uploads\/2019\/08\/clarkson-osborn-logo-icon-300x181.png\" alt=\"Clarkson- Osbon logo icon\" class=\"wp-image-473\" srcset=\"https:\/\/clarkson-osborn.com\/wp-content\/uploads\/2019\/08\/clarkson-osborn-logo-icon-300x181.png 300w, https:\/\/clarkson-osborn.com\/wp-content\/uploads\/2019\/08\/clarkson-osborn-logo-icon-600x361.png 600w, https:\/\/clarkson-osborn.com\/wp-content\/uploads\/2019\/08\/clarkson-osborn-logo-icon.png 944w\" sizes=\"auto, (max-width: 300px) 100vw, 300px\" \/><\/figure>\n<\/div>\n\n\n<p>\u00cates-vous int\u00e9ress\u00e9 \u00e0 vous joindre \u00e0 l\u2019\u00e9quipe de Clarkson-Osborn? Veuillez examiner nos offres d\u2019emploi et nous envoyer votre curriculum vitae. <\/p>\n\n\n\n<p>Veuillez envoyer tous les curriculum vit\u00e6 \u00e0 <a href=\"mailto:resumes@clarkson-osborn.com\">resumes@clarkson-osborn.com <\/a><\/p>","protected":false},"excerpt":{"rendered":"<p>Are you interested in joining the Clarkson-Osborn team? Please review our job openings and send us your resume. Please send &hellip; <\/p>","protected":false},"author":2,"featured_media":0,"parent":12,"menu_order":0,"comment_status":"closed","ping_status":"closed","template":"","meta":{"_acf_changed":true,"footnotes":""},"class_list":["post-18","page","type-page","status-publish"],"acf":[],"_links":{"self":[{"href":"https:\/\/clarkson-osborn.com\/fr\/wp-json\/wp\/v2\/pages\/18","targetHints":{"allow":["GET"]}}],"collection":[{"href":"https:\/\/clarkson-osborn.com\/fr\/wp-json\/wp\/v2\/pages"}],"about":[{"href":"https:\/\/clarkson-osborn.com\/fr\/wp-json\/wp\/v2\/types\/page"}],"author":[{"embeddable":true,"href":"https:\/\/clarkson-osborn.com\/fr\/wp-json\/wp\/v2\/users\/2"}],"replies":[{"embeddable":true,"href":"https:\/\/clarkson-osborn.com\/fr\/wp-json\/wp\/v2\/comments?post=18"}],"version-history":[{"count":0,"href":"https:\/\/clarkson-osborn.com\/fr\/wp-json\/wp\/v2\/pages\/18\/revisions"}],"up":[{"embeddable":true,"href":"https:\/\/clarkson-osborn.com\/fr\/wp-json\/wp\/v2\/pages\/12"}],"wp:attachment":[{"href":"https:\/\/clarkson-osborn.com\/fr\/wp-json\/wp\/v2\/media?parent=18"}],"curies":[{"name":"wp","href":"https:\/\/api.w.org\/{rel}","templated":true}]}}