{"id":16,"date":"2019-05-10T17:07:50","date_gmt":"2019-05-10T17:07:50","guid":{"rendered":"https:\/\/clarkson-osborn.com\/?page_id=16"},"modified":"2026-04-16T09:18:26","modified_gmt":"2026-04-16T09:18:26","slug":"why-choose-us","status":"publish","type":"page","link":"https:\/\/clarkson-osborn.com\/fr\/about-us\/why-choose-us\/","title":{"rendered":"Pourquoi nous choisir?"},"content":{"rendered":"<div class=\"wpb-content-wrapper\"><div class=\"vc_row wpb_row vc_row-fluid\"><div class=\"wpb_column vc_column_container vc_col-sm-12\"><div class=\"vc_column-inner\"><div class=\"wpb_wrapper\">\n\t<div class=\"wpb_text_column wpb_content_element\" >\n\t\t<div class=\"wpb_wrapper\">\n\t\t\t<div class=\"wp-block-image\">\n<figure class=\"alignleft\"><img loading=\"lazy\" decoding=\"async\" class=\"alignnone wp-image-473\" src=\"https:\/\/clarkson-osborn.com\/wp-content\/uploads\/2019\/08\/clarkson-osborn-logo-icon-300x181.png\" alt=\"Clarkson- Osbon logo icon\" width=\"300\" height=\"181\" srcset=\"https:\/\/clarkson-osborn.com\/wp-content\/uploads\/2019\/08\/clarkson-osborn-logo-icon-300x181.png 300w, https:\/\/clarkson-osborn.com\/wp-content\/uploads\/2019\/08\/clarkson-osborn-logo-icon-600x361.png 600w, https:\/\/clarkson-osborn.com\/wp-content\/uploads\/2019\/08\/clarkson-osborn-logo-icon.png 944w\" sizes=\"auto, (max-width: 300px) 100vw, 300px\" \/><\/figure>\n<\/div>\n<p>\nAvec plus de 16 000 outils de coupe, Clarkson-Osborn offre la gamme compl\u00e8te d\u2019outils de coupe en acier rapide (HSS), en carbure monobloc et en cobalt au Canada. Nous avons ce qu\u2019il vous faut ! Gr\u00e2ce \u00e0 notre vaste gamme de produits, \u00e0 la disponibilit\u00e9 de nos stocks et \u00e0 notre service \u00e0 la client\u00e8le exceptionnel, les commandes pass\u00e9es avant 16 h sont exp\u00e9di\u00e9es le jour m\u00eame.<\/p>\n<p>\nVous ne voyez pas ce que vous cherchez?\u00a0Notre \u00e9quipe exp\u00e9riment\u00e9e vous aidera \u00e0 choisir le bon outil pour le travail.\u00a0Si vous avez besoin d\u2019un outil personnalis\u00e9, notre \u00e9quipe se fera un plaisir de vous faire des recommandations, de fabriquer l\u2019article non stock et de vous aider \u00e0 obtenir le meilleur outil pour l\u2019application.<\/p>\n<p>\nL\u2019\u00e9quipe de Clarkson-Osborn appr\u00e9cie les solides relations de travail et les partenariats \u00e0 long terme que nous avons avec nos distributeurs. Nous accueillons avec plaisir toute r\u00e9troaction, car l\u2019exp\u00e9rience des clients est essentielle au service exceptionnel de Clarkson-Osborn.<\/p>\n<p>\u00a0<\/p>\n\n\t\t<\/div>\n\t<\/div>\n<\/div><\/div><\/div><\/div><\/div>","protected":false},"excerpt":{"rendered":"With over 16,000 cutting tools, Clarkson-Osborn offers Canada\u2019s complete range of high-speed steel (HSS), solid carbide , and cobalt cutting &hellip;","protected":false},"author":2,"featured_media":0,"parent":12,"menu_order":0,"comment_status":"closed","ping_status":"closed","template":"","meta":{"_acf_changed":false,"footnotes":""},"class_list":["post-16","page","type-page","status-publish"],"acf":[],"_links":{"self":[{"href":"https:\/\/clarkson-osborn.com\/fr\/wp-json\/wp\/v2\/pages\/16","targetHints":{"allow":["GET"]}}],"collection":[{"href":"https:\/\/clarkson-osborn.com\/fr\/wp-json\/wp\/v2\/pages"}],"about":[{"href":"https:\/\/clarkson-osborn.com\/fr\/wp-json\/wp\/v2\/types\/page"}],"author":[{"embeddable":true,"href":"https:\/\/clarkson-osborn.com\/fr\/wp-json\/wp\/v2\/users\/2"}],"replies":[{"embeddable":true,"href":"https:\/\/clarkson-osborn.com\/fr\/wp-json\/wp\/v2\/comments?post=16"}],"version-history":[{"count":0,"href":"https:\/\/clarkson-osborn.com\/fr\/wp-json\/wp\/v2\/pages\/16\/revisions"}],"up":[{"embeddable":true,"href":"https:\/\/clarkson-osborn.com\/fr\/wp-json\/wp\/v2\/pages\/12"}],"wp:attachment":[{"href":"https:\/\/clarkson-osborn.com\/fr\/wp-json\/wp\/v2\/media?parent=16"}],"curies":[{"name":"wp","href":"https:\/\/api.w.org\/{rel}","templated":true}]}}